{"id":200,"date":"2017-02-26T11:39:38","date_gmt":"2017-02-26T14:39:38","guid":{"rendered":"https:\/\/www.mulleradvocacia.adv.br\/v1\/?page_id=200"},"modified":"2022-05-19T16:33:41","modified_gmt":"2022-05-19T19:33:41","slug":"quem-somos","status":"publish","type":"page","link":"https:\/\/www.mulleradvocacia.adv.br\/v1\/quem-somos\/","title":{"rendered":"Quem Somos"},"content":{"rendered":"<div class=\"wpb-content-wrapper\"><p>[vc_row full_width=&#8221;stretch_row&#8221; css=&#8221;.vc_custom_1488108550402{background-color: #f7f7f7 !important;}&#8221;][vc_column][vc_empty_space height=&#8221;3em&#8221; alter_height=&#8221;none&#8221; hide_on_mobile=&#8221;&#8221;][vc_empty_space height=&#8221;3em&#8221; alter_height=&#8221;big&#8221; hide_on_mobile=&#8221;1&#8243;][trx_sc_promo title_style=&#8221;default&#8221; image_position=&#8221;left&#8221; size=&#8221;normal&#8221; icon_type=&#8221;fontawesome&#8221; image=&#8221;1521&#8243;]<div\t\tclass=\"sc_title sc_title_default\"><h1 class=\"sc_item_title sc_title_title sc_align_left sc_item_title_style_default sc_item_title_tag\"\n\t\t\t><span class=\"sc_item_title_text\">Excel\u00eancia em servi\u00e7os jur\u00eddicos<\/span><\/h1><div class=\"sc_item_descr sc_title_descr sc_align_left\"><p>M\u00fcller advocacia e Advogados Associados conta com uma equipe de profissionais altamente capacitada que re\u00fane experi\u00eancias na esfera judicial, contenciosa e extrajudicial. Preza pela \u00e9tica e efici\u00eancia, com atendimento personalizado, total disponibilidade e modernidade nas estrat\u00e9gias abordadas para melhor atender os interesses dos seus clientes.<\/p>\n<\/div><\/div>[vc_empty_space height=&#8221;1.2em&#8221; alter_height=&#8221;none&#8221; hide_on_mobile=&#8221;&#8221;][\/trx_sc_promo][vc_empty_space height=&#8221;3em&#8221; alter_height=&#8221;none&#8221; hide_on_mobile=&#8221;&#8221;][vc_empty_space height=&#8221;0.55em&#8221; alter_height=&#8221;none&#8221; hide_on_mobile=&#8221;1&#8243;][vc_row_inner][vc_column_inner width=&#8221;1\/4&#8243;][vc_single_image image=&#8221;1521&#8243; img_size=&#8221;300&#215;200&#8243; onclick=&#8221;zoom&#8221;][\/vc_column_inner][vc_column_inner width=&#8221;1\/4&#8243;][vc_single_image image=&#8221;1524&#8243; img_size=&#8221;300&#215;200&#8243; onclick=&#8221;zoom&#8221;][\/vc_column_inner][vc_column_inner width=&#8221;1\/4&#8243;][vc_single_image image=&#8221;1525&#8243; img_size=&#8221;300&#215;200&#8243; onclick=&#8221;zoom&#8221;][\/vc_column_inner][vc_column_inner width=&#8221;1\/4&#8243;][vc_single_image image=&#8221;1526&#8243; img_size=&#8221;300&#215;200&#8243; onclick=&#8221;zoom&#8221;][\/vc_column_inner][\/vc_row_inner][vc_empty_space height=&#8221;3em&#8221; alter_height=&#8221;big&#8221; hide_on_mobile=&#8221;1&#8243;][\/vc_column][\/vc_row][vc_row][vc_column][vc_empty_space height=&#8221;1.1em&#8221; alter_height=&#8221;none&#8221; hide_on_mobile=&#8221;1&#8243;]<div\t\tclass=\"sc_title sc_title_custom_image\"><h1 class=\"sc_item_title sc_title_title sc_align_center sc_item_title_style_custom_image sc_item_title_tag\"\n\t\t\t><span class=\"sc_item_title_text\">Nossa Equipe<\/span><\/h1><div class=\"sc_item_descr sc_title_descr sc_align_center\"><p>Um time especializado para fornecer a voc\u00ea a melhor assessoria jur\u00eddica.<\/p>\n<\/div><\/div>[vc_empty_space height=&#8221;2.3em&#8221; alter_height=&#8221;none&#8221; hide_on_mobile=&#8221;&#8221;][trx_sc_team type=&#8221;default-vertical&#8221; cat=&#8221;22&#8243; orderby=&#8221;post_date&#8221; order=&#8221;desc&#8221; slider=&#8221;&#8221; title_style=&#8221;default&#8221; title_align=&#8221;center&#8221; count=&#8221;10&#8243; columns=&#8221;5&#8243; link=&#8221;\/advogados&#8221; link_text=&#8221;Conhe\u00e7a nossos advogados&#8221;][vc_empty_space alter_height=&#8221;large&#8221; hide_on_mobile=&#8221;1&#8243;][vc_empty_space height=&#8221;3em&#8221; alter_height=&#8221;none&#8221; hide_on_mobile=&#8221;&#8221;][vc_empty_space height=&#8221;1.85em&#8221; alter_height=&#8221;none&#8221; hide_on_mobile=&#8221;1&#8243;][\/vc_column][\/vc_row]<\/p>\n<\/div>","protected":false},"excerpt":{"rendered":"<p>[vc_row full_width=&rdquo;stretch_row&rdquo; css=&rdquo;.vc_custom_1488108550402{background-color: #f7f7f7 !important;}&rdquo;][vc_column][vc_empty_space height=&rdquo;3em&rdquo; alter_height=&rdquo;none&rdquo; hide_on_mobile=&rdquo;&rdquo;][vc_empty_space height=&rdquo;3em&rdquo; alter_height=&rdquo;big&rdquo; hide_on_mobile=&rdquo;1&Prime;][trx_sc_promo title_style=&rdquo;default&rdquo; image_position=&rdquo;left&rdquo; size=&rdquo;normal&rdquo; icon_type=&rdquo;fontawesome&rdquo; image=&rdquo;1521&Prime;][vc_empty_space height=&rdquo;1.2em&rdquo; alter_height=&rdquo;none&rdquo; hide_on_mobile=&rdquo;&rdquo;][\/trx_sc_promo][vc_empty_space height=&rdquo;3em&rdquo; alter_height=&rdquo;none&rdquo; hide_on_mobile=&rdquo;&rdquo;][vc_empty_space height=&rdquo;0.55em&rdquo; alter_height=&rdquo;none&rdquo; hide_on_mobile=&rdquo;1&Prime;][vc_row_inner][vc_column_inner width=&rdquo;1\/4&Prime;][vc_single_image image=&rdquo;1521&Prime; img_size=&rdquo;300&times;200&Prime; onclick=&rdquo;zoom&rdquo;][\/vc_column_inner][vc_column_inner width=&rdquo;1\/4&Prime;][vc_single_image image=&rdquo;1524&Prime; img_size=&rdquo;300&times;200&Prime; onclick=&rdquo;zoom&rdquo;][\/vc_column_inner][vc_column_inner width=&rdquo;1\/4&Prime;][vc_single_image image=&rdquo;1525&Prime; img_size=&rdquo;300&times;200&Prime; onclick=&rdquo;zoom&rdquo;][\/vc_column_inner][vc_column_inner width=&rdquo;1\/4&Prime;][vc_single_image image=&rdquo;1526&Prime; img_size=&rdquo;300&times;200&Prime; onclick=&rdquo;zoom&rdquo;][\/vc_column_inner][\/vc_row_inner][vc_empty_space height=&rdquo;3em&rdquo; alter_height=&rdquo;big&rdquo; hide_on_mobile=&rdquo;1&Prime;][\/vc_column][\/vc_row][vc_row][vc_column][vc_empty_space height=&rdquo;1.1em&rdquo;&hellip;<\/p>\n","protected":false},"author":1,"featured_media":0,"parent":0,"menu_order":0,"comment_status":"closed","ping_status":"closed","template":"","meta":{"footnotes":""},"class_list":["post-200","page","type-page","status-publish","hentry"],"_links":{"self":[{"href":"https:\/\/www.mulleradvocacia.adv.br\/v1\/wp-json\/wp\/v2\/pages\/200","targetHints":{"allow":["GET"]}}],"collection":[{"href":"https:\/\/www.mulleradvocacia.adv.br\/v1\/wp-json\/wp\/v2\/pages"}],"about":[{"href":"https:\/\/www.mulleradvocacia.adv.br\/v1\/wp-json\/wp\/v2\/types\/page"}],"author":[{"embeddable":true,"href":"https:\/\/www.mulleradvocacia.adv.br\/v1\/wp-json\/wp\/v2\/users\/1"}],"replies":[{"embeddable":true,"href":"https:\/\/www.mulleradvocacia.adv.br\/v1\/wp-json\/wp\/v2\/comments?post=200"}],"version-history":[{"count":16,"href":"https:\/\/www.mulleradvocacia.adv.br\/v1\/wp-json\/wp\/v2\/pages\/200\/revisions"}],"predecessor-version":[{"id":1528,"href":"https:\/\/www.mulleradvocacia.adv.br\/v1\/wp-json\/wp\/v2\/pages\/200\/revisions\/1528"}],"wp:attachment":[{"href":"https:\/\/www.mulleradvocacia.adv.br\/v1\/wp-json\/wp\/v2\/media?parent=200"}],"curies":[{"name":"wp","href":"https:\/\/api.w.org\/{rel}","templated":true}]}}