{"id":164,"date":"2017-02-26T10:20:44","date_gmt":"2017-02-26T10:20:44","guid":{"rendered":"https:\/\/www.mulleradvocacia.adv.br\/v1\/?page_id=164"},"modified":"2021-03-25T21:31:23","modified_gmt":"2021-03-26T00:31:23","slug":"contato","status":"publish","type":"page","link":"https:\/\/www.mulleradvocacia.adv.br\/v1\/contato\/","title":{"rendered":"Fale Conosco"},"content":{"rendered":"<div class=\"wpb-content-wrapper\"><p>[vc_row][vc_column][vc_empty_space alter_height=&#8221;big&#8221; hide_on_mobile=&#8221;1&#8243;][\/vc_column][\/vc_row][vc_row][vc_column width=&#8221;1\/3&#8243;][vc_empty_space height=&#8221;3em&#8221; alter_height=&#8221;none&#8221; hide_on_mobile=&#8221;&#8221;][vc_icon icon_fontawesome=&#8221;icon-placeholder&#8221; color=&#8221;custom&#8221; size=&#8221;lg&#8221; align=&#8221;center&#8221; custom_color=&#8221;#d4a971&#8243; css=&#8221;.vc_custom_1491218870986{margin-bottom: 0px !important;}&#8221;][vc_empty_space height=&#8221;1.5em&#8221; alter_height=&#8221;none&#8221; hide_on_mobile=&#8221;&#8221;][vc_column_text]<\/p>\n<h3 style=\"text-align: center;\">Endere\u00e7o<\/h3>\n<p>[\/vc_column_text][vc_empty_space height=&#8221;0.45em&#8221; alter_height=&#8221;none&#8221; hide_on_mobile=&#8221;&#8221;][vc_custom_heading text=&#8221;Av. Rep\u00fablica Argentina, 4211 &#8211; Jardim Tarob\u00e1, Foz do Igua\u00e7u &#8211; PR, 85857-720&#8243; font_container=&#8221;tag:p|font_size:13px|text_align:center|line_height:20px&#8221; use_theme_fonts=&#8221;yes&#8221; css=&#8221;.vc_custom_1616005274341{margin-top: 0px !important;margin-bottom: 0px !important;}&#8221;][\/vc_column][vc_column width=&#8221;1\/3&#8243;][vc_empty_space height=&#8221;3em&#8221; alter_height=&#8221;none&#8221; hide_on_mobile=&#8221;&#8221;][vc_icon icon_fontawesome=&#8221;icon-phone-call&#8221; color=&#8221;custom&#8221; size=&#8221;lg&#8221; align=&#8221;center&#8221; custom_color=&#8221;#d4a971&#8243; css=&#8221;.vc_custom_1528972813931{margin-bottom: 0px !important;}&#8221; link=&#8221;url:tel%3A8%20800%20123%2045%2067|||&#8221;][vc_empty_space height=&#8221;1.5em&#8221; alter_height=&#8221;none&#8221; hide_on_mobile=&#8221;&#8221;][vc_column_text]<\/p>\n<h3 style=\"text-align: center;\">Telefones<\/h3>\n<p>[\/vc_column_text][vc_empty_space height=&#8221;0.45em&#8221; alter_height=&#8221;none&#8221; hide_on_mobile=&#8221;&#8221;][vc_custom_heading text=&#8221;(45) 3029-3069 \/ (45) 99847-4156&#8243; font_container=&#8221;tag:p|font_size:13px|text_align:center|line_height:20px&#8221; use_theme_fonts=&#8221;yes&#8221; css=&#8221;.vc_custom_1616718681327{margin-top: 0px !important;margin-bottom: 0px !important;}&#8221; link=&#8221;url:tel%3A8%20800%20123%2045%2067|||&#8221;][\/vc_column][vc_column width=&#8221;1\/3&#8243;][vc_empty_space height=&#8221;3em&#8221; alter_height=&#8221;none&#8221; hide_on_mobile=&#8221;&#8221;][vc_icon icon_fontawesome=&#8221;icon-clock-1&#8243; color=&#8221;custom&#8221; size=&#8221;lg&#8221; align=&#8221;center&#8221; custom_color=&#8221;#d4a971&#8243; css=&#8221;.vc_custom_1491218881366{margin-bottom: 0px !important;}&#8221;][vc_empty_space height=&#8221;1.5em&#8221; alter_height=&#8221;none&#8221; hide_on_mobile=&#8221;&#8221;][vc_column_text]<\/p>\n<h3 style=\"text-align: center;\">Hor\u00e1rio de funcionamento<\/h3>\n<p>[\/vc_column_text][vc_empty_space height=&#8221;0.45em&#8221; alter_height=&#8221;none&#8221; hide_on_mobile=&#8221;&#8221;][vc_custom_heading text=&#8221;Seg.-Sex. 8h \u00e0s 12h<br \/>\ne 13:30 \u00e0s 18h&#8221; font_container=&#8221;tag:p|font_size:13px|text_align:center|line_height:20px&#8221; use_theme_fonts=&#8221;yes&#8221; css=&#8221;.vc_custom_1616718669136{margin-top: 0px !important;margin-bottom: 0px !important;}&#8221;][\/vc_column][\/vc_row][vc_row][vc_column][vc_empty_space alter_height=&#8221;big&#8221; hide_on_mobile=&#8221;1&#8243;][vc_empty_space height=&#8221;0.45em&#8221; alter_height=&#8221;none&#8221; hide_on_mobile=&#8221;1&#8243;][vc_empty_space height=&#8221;3em&#8221; alter_height=&#8221;none&#8221; hide_on_mobile=&#8221;&#8221;][\/vc_column][\/vc_row][vc_row full_width=&#8221;stretch_row&#8221; css=&#8221;.vc_custom_1488104262140{background-color: #fafafa !important;}&#8221;][vc_column][vc_empty_space height=&#8221;3em&#8221; alter_height=&#8221;none&#8221; hide_on_mobile=&#8221;&#8221;][vc_empty_space height=&#8221;6.05em&#8221; alter_height=&#8221;none&#8221; hide_on_mobile=&#8221;1&#8243;]<div\tclass=\"sc_content sc_content_default sc_content_width_70p sc_float_center\"><div class=\"sc_content_container\"><div\n\t\tclass=\"sc_form sc_form_default\"\n\t><h2 class=\"sc_item_title sc_form_title sc_align_center sc_item_title_style_default\"\n\t\t\t><span class=\"sc_item_title_text\">Entre em Contato<\/span><\/h2><div class=\"sc_item_descr sc_form_descr sc_align_center\"><p>Utilize o formul\u00e1rio abaixo para falar conosco.<\/p>\n<\/div><form class=\"sc_form_form \" method=\"post\" action=\"https:\/\/www.mulleradvocacia.adv.br\/v1\/wp-admin\/admin-ajax.php\"><div class=\"sc_form_details trx_addons_columns_wrap\"><div class=\"trx_addons_column-1_2\"><div class=\"sc_form_field sc_form_field_name sc_form_field_text required\"><div class=\"sc_form_field_wrap\"><input type=\"text\" \n\t\t\t\t\tname=\"name\"\n\t\t\t\t\tid=\"name_483419160\"\n\t\t\t\t\tvalue=\"\" aria-required=\"true\" placeholder=\"Your name\"><\/div><\/div><\/div><div class=\"trx_addons_column-1_2\"><div class=\"sc_form_field sc_form_field_email sc_form_field_text required\"><div class=\"sc_form_field_wrap\"><input type=\"text\" \n\t\t\t\t\tname=\"email\"\n\t\t\t\t\tid=\"email_1370235028\"\n\t\t\t\t\tvalue=\"\" aria-required=\"true\" placeholder=\"Your e-mail\"><\/div><\/div><\/div><\/div><div class=\"sc_form_field sc_form_field_message sc_form_field_textarea required\"><div class=\"sc_form_field_wrap\"><textarea\n\t\t\t\tname=\"message\"\n\t\t\t\tid=\"message_518311873\" aria-required=\"true\" placeholder=\"Your message\"><\/textarea><\/div><\/div><div class=\"sc_form_field sc_form_field_checkbox\"><input type=\"checkbox\" id=\"i_agree_privacy_policy_sc_form_1\" name=\"i_agree_privacy_policy\" class=\"sc_form_privacy_checkbox\" value=\"1\">\n\t\t\t\t<label for=\"i_agree_privacy_policy_sc_form_1\">Eu concordo que meus dados enviados est\u00e3o sendo coletados e armazenados.<\/label>\n\t\t\t<\/div><div class=\"sc_form_field sc_form_field_button sc_form_field_submit\"><button class=\"\">Send Message<\/button>\n\t\t<\/div>\n\t\t<div class=\"trx_addons_message_box sc_form_result\"><\/div>\n\t\t<\/form><\/div><\/div><\/div>[vc_empty_space height=&#8221;5em&#8221; alter_height=&#8221;none&#8221; hide_on_mobile=&#8221;1&#8243;][vc_empty_space height=&#8221;3em&#8221; alter_height=&#8221;none&#8221; hide_on_mobile=&#8221;&#8221;][\/vc_column][\/vc_row][vc_row full_width=&#8221;stretch_row_content_no_spaces&#8221;][vc_column][vc_raw_html]JTNDaWZyYW1lJTIwc3JjJTNEJTIyaHR0cHMlM0ElMkYlMkZ3d3cuZ29vZ2xlLmNvbSUyRm1hcHMlMkZlbWJlZCUzRnBiJTNEJTIxMW0xNCUyMTFtOCUyMTFtMyUyMTFkMjI1LjAwNTIyMTAyNjc0MzU4JTIxMmQtNTQuNTUyMDk0NTg5Njk4NDUlMjEzZC0yNS41MzU1OTQxNjgyNzgwOCUyMTNtMiUyMTFpMTAyNCUyMTJpNzY4JTIxNGYxMy4xJTIxM20zJTIxMW0yJTIxMXMweDAlMjUzQTB4NDI0YWM3M2I3YjdlNmY2ZSUyMTJzTXVsbGVyJTI1MjBlJTI1MjBBZHZvZ2Fkb3MlMjUyMEFzc29jaWFkb3MlMjE1ZTAlMjEzbTIlMjExc3B0LUJSJTIxMnNiciUyMTR2MTYxNjAwNTUxMzA0NCUyMTVtMiUyMTFzcHQtQlIlMjEyc2JyJTIyJTIwd2lkdGglM0QlMjIyMDAwJTIyJTIwaGVpZ2h0JTNEJTIyNjAwJTIyJTIwc3R5bGUlM0QlMjJib3JkZXIlM0EwJTNCJTIyJTIwYWxsb3dmdWxsc2NyZWVuJTNEJTIyJTIyJTIwbG9hZGluZyUzRCUyMmxhenklMjIlM0UlM0MlMkZpZnJhbWUlM0U=[\/vc_raw_html][\/vc_column][\/vc_row]<\/p>\n<\/div>","protected":false},"excerpt":{"rendered":"<p>[vc_row][vc_column][vc_empty_space alter_height=&rdquo;big&rdquo; hide_on_mobile=&rdquo;1&Prime;][\/vc_column][\/vc_row][vc_row][vc_column width=&rdquo;1\/3&Prime;][vc_empty_space height=&rdquo;3em&rdquo; alter_height=&rdquo;none&rdquo; hide_on_mobile=&rdquo;&rdquo;][vc_icon icon_fontawesome=&rdquo;icon-placeholder&rdquo; color=&rdquo;custom&rdquo; size=&rdquo;lg&rdquo; align=&rdquo;center&rdquo; custom_color=&rdquo;#d4a971&Prime; css=&rdquo;.vc_custom_1491218870986{margin-bottom: 0px !important;}&rdquo;][vc_empty_space height=&rdquo;1.5em&rdquo; alter_height=&rdquo;none&rdquo; hide_on_mobile=&rdquo;&rdquo;][vc_column_text] Endere&ccedil;o [\/vc_column_text][vc_empty_space height=&rdquo;0.45em&rdquo; alter_height=&rdquo;none&rdquo; hide_on_mobile=&rdquo;&rdquo;][vc_custom_heading text=&rdquo;Av. Rep&uacute;blica Argentina, 4211 &ndash; Jardim Tarob&aacute;, Foz do Igua&ccedil;u &ndash; PR, 85857-720&Prime; font_container=&rdquo;tag:p|font_size:13px|text_align:center|line_height:20px&rdquo; use_theme_fonts=&rdquo;yes&rdquo; css=&rdquo;.vc_custom_1616005274341{margin-top: 0px !important;margin-bottom: 0px !important;}&rdquo;][\/vc_column][vc_column width=&rdquo;1\/3&Prime;][vc_empty_space height=&rdquo;3em&rdquo;&hellip;<\/p>\n","protected":false},"author":1,"featured_media":0,"parent":0,"menu_order":0,"comment_status":"closed","ping_status":"closed","template":"","meta":{"footnotes":""},"class_list":["post-164","page","type-page","status-publish","hentry"],"_links":{"self":[{"href":"https:\/\/www.mulleradvocacia.adv.br\/v1\/wp-json\/wp\/v2\/pages\/164","targetHints":{"allow":["GET"]}}],"collection":[{"href":"https:\/\/www.mulleradvocacia.adv.br\/v1\/wp-json\/wp\/v2\/pages"}],"about":[{"href":"https:\/\/www.mulleradvocacia.adv.br\/v1\/wp-json\/wp\/v2\/types\/page"}],"author":[{"embeddable":true,"href":"https:\/\/www.mulleradvocacia.adv.br\/v1\/wp-json\/wp\/v2\/users\/1"}],"replies":[{"embeddable":true,"href":"https:\/\/www.mulleradvocacia.adv.br\/v1\/wp-json\/wp\/v2\/comments?post=164"}],"version-history":[{"count":8,"href":"https:\/\/www.mulleradvocacia.adv.br\/v1\/wp-json\/wp\/v2\/pages\/164\/revisions"}],"predecessor-version":[{"id":1047,"href":"https:\/\/www.mulleradvocacia.adv.br\/v1\/wp-json\/wp\/v2\/pages\/164\/revisions\/1047"}],"wp:attachment":[{"href":"https:\/\/www.mulleradvocacia.adv.br\/v1\/wp-json\/wp\/v2\/media?parent=164"}],"curies":[{"name":"wp","href":"https:\/\/api.w.org\/{rel}","templated":true}]}}